{"id":23,"date":"2024-12-23T12:00:39","date_gmt":"2024-12-23T12:00:39","guid":{"rendered":"https:\/\/terapijazasve.com\/?page_id=23"},"modified":"2024-12-23T19:08:11","modified_gmt":"2024-12-23T19:08:11","slug":"kurs","status":"publish","type":"page","link":"https:\/\/terapijazasve.com\/index.php\/kurs\/","title":{"rendered":"Kurs"},"content":{"rendered":"\n<p>Kurs za terapeute se odvija dve nedelje, svakog radnog dana u vreme koje se sa polaznikom dogovori. Radi se isklju\u010divo pojedina\u010dno tj. nema grupnih predavanja. Trajanje jednog predavanja dnevno je oko 60 minuta. Kurs se odvija preko skajpa (Skype). Polaznici kursa mogu biti kako obu\u010deni terapeuti (psiho terapeuti, psiholozi, fizioterapeuti, fizijatri itd.), tako i svi zainteresovani (bez obzira koje struke) da nau\u010de kako da se odnose i primenjuju terapiju svojim bli\u017enjima koji su oboleli ili ose\u0107aju sklonost ka tom pozivu. Osobe sa odre\u0111enim tegobama i dijagnozama koje su uspeli da prebrode, mo\u017eda su najbolji budu\u0107i terapeuti, jer iz prve ruke znaju sa \u010dime se pacijenti suo\u010davaju i kako se nose.<\/p>\n\n\n\n<p>Tokom kursa se izu\u010dava: Kakvi mi kao terapeuti treba da budemo, kako da prilazimo pacijentima, sa kakvim tipovima pacijenata se suo\u010davamo i na koji na\u010din da ih razumemo i pratimo, kako se primenjuje psiho terapija, kako se primenjuje fizikalna terapija, koje metode i \u201calatke\u201d da pru\u017eamo pacijentima sa kojima \u0107e jasno suzbijati simptome, sa kakvim problemima i zamkama se suo\u010davamo mi kao terapeuti, a sa kakvim pacijenti.<\/p>\n\n\n\n<p>Sve informacije i pojedinosti koje vas zanimaju mo\u017eete pisati na dole ispisani mejl (e-mail) ili preko ikonica za fejsbuk (facebook) i instagram<\/p>\n\n\n\n<p>Placanje kursa:<\/p>\n\n\n\n<form class=\"superb-addons-hide-on-mobile\" action=\"https:\/\/www.paypal.com\/cgi-bin\/webscr\" method=\"post\" target=\"_top\">\n<input type=\"hidden\" name=\"cmd\" value=\"_s-xclick\" \/>\n<input type=\"hidden\" name=\"hosted_button_id\" value=\"WG3PHN2Q5NVGJ\" \/>\n<input type=\"hidden\" name=\"currency_code\" value=\"EUR\" \/>\n<input style=\"border:0px;\" type=\"image\" src=\"https:\/\/community.magento.com\/t5\/image\/serverpage\/image-id\/16789i30D5ED565E8EC84F\/image-size\/medium?v=v2&#038;px=450\" border=\"0\" name=\"submit\" title=\"PayPal - The safer, easier way to pay online!\" alt=\"Buy Now\" \/>\n<\/form>\n\n\n\n<form class=\"hide-item-on-desktop superb-addons-hide-on-tablet\" action=\"https:\/\/www.paypal.com\/cgi-bin\/webscr\" method=\"post\" target=\"_top\">\n<input type=\"hidden\" name=\"cmd\" value=\"_s-xclick\">\n<input type=\"hidden\" name=\"hosted_button_id\" value=\"WG3PHN2Q5NVGJ\">\n<input type=\"hidden\" name=\"currency_code\" value=\"EUR\">\n<input style=\"border:0px;\" type=\"image\" src=\"https:\/\/community.magento.com\/t5\/image\/serverpage\/image-id\/16789i30D5ED565E8EC84F\/image-size\/small?v=v2&amp;px=450\" border=\"0\" name=\"submit\" title=\"PayPal - The safer, easier way to pay online!\" alt=\"Buy Now\">\n<\/form>\n","protected":false},"excerpt":{"rendered":"<p>Kurs za terapeute se odvija dve nedelje, svakog radnog dana u vreme koje se sa polaznikom dogovori. Radi se isklju\u010divo pojedina\u010dno tj. nema grupnih predavanja. Trajanje jednog predavanja dnevno je oko 60 minuta. Kurs se odvija preko skajpa (Skype). Polaznici kursa mogu biti kako obu\u010deni terapeuti (psiho terapeuti, psiholozi, fizioterapeuti, fizijatri itd.), tako i svi [&hellip;]<\/p>\n","protected":false},"author":1,"featured_media":0,"parent":0,"menu_order":0,"comment_status":"closed","ping_status":"closed","template":"","meta":{"footnotes":""},"class_list":["post-23","page","type-page","status-publish","hentry"],"_links":{"self":[{"href":"https:\/\/terapijazasve.com\/index.php\/wp-json\/wp\/v2\/pages\/23","targetHints":{"allow":["GET"]}}],"collection":[{"href":"https:\/\/terapijazasve.com\/index.php\/wp-json\/wp\/v2\/pages"}],"about":[{"href":"https:\/\/terapijazasve.com\/index.php\/wp-json\/wp\/v2\/types\/page"}],"author":[{"embeddable":true,"href":"https:\/\/terapijazasve.com\/index.php\/wp-json\/wp\/v2\/users\/1"}],"replies":[{"embeddable":true,"href":"https:\/\/terapijazasve.com\/index.php\/wp-json\/wp\/v2\/comments?post=23"}],"version-history":[{"count":15,"href":"https:\/\/terapijazasve.com\/index.php\/wp-json\/wp\/v2\/pages\/23\/revisions"}],"predecessor-version":[{"id":79,"href":"https:\/\/terapijazasve.com\/index.php\/wp-json\/wp\/v2\/pages\/23\/revisions\/79"}],"wp:attachment":[{"href":"https:\/\/terapijazasve.com\/index.php\/wp-json\/wp\/v2\/media?parent=23"}],"curies":[{"name":"wp","href":"https:\/\/api.w.org\/{rel}","templated":true}]}}