{"id":32,"date":"2024-12-23T12:06:50","date_gmt":"2024-12-23T12:06:50","guid":{"rendered":"https:\/\/terapijazasve.com\/?page_id=32"},"modified":"2024-12-24T17:31:07","modified_gmt":"2024-12-24T17:31:07","slug":"fizikalna-terapija","status":"publish","type":"page","link":"https:\/\/terapijazasve.com\/index.php\/fizikalna-terapija\/","title":{"rendered":""},"content":{"rendered":"\n<div class=\"wp-block-cover\"><span aria-hidden=\"true\" class=\"wp-block-cover__background has-background-dim\"><\/span><img loading=\"lazy\" decoding=\"async\" width=\"1024\" height=\"576\" class=\"wp-block-cover__image-background wp-image-101\" alt=\"\" src=\"https:\/\/terapijazasve.com\/wp-content\/uploads\/2024\/12\/still-life-illustrating-ethics-concept-1024x576.jpg\" data-object-fit=\"cover\" srcset=\"https:\/\/terapijazasve.com\/wp-content\/uploads\/2024\/12\/still-life-illustrating-ethics-concept-1024x576.jpg 1024w, https:\/\/terapijazasve.com\/wp-content\/uploads\/2024\/12\/still-life-illustrating-ethics-concept-300x169.jpg 300w, https:\/\/terapijazasve.com\/wp-content\/uploads\/2024\/12\/still-life-illustrating-ethics-concept-768x432.jpg 768w, https:\/\/terapijazasve.com\/wp-content\/uploads\/2024\/12\/still-life-illustrating-ethics-concept-1536x864.jpg 1536w, https:\/\/terapijazasve.com\/wp-content\/uploads\/2024\/12\/still-life-illustrating-ethics-concept-2048x1152.jpg 2048w\" sizes=\"auto, (max-width: 1024px) 100vw, 1024px\" \/><div class=\"wp-block-cover__inner-container is-layout-flow wp-block-cover-is-layout-flow\">\n<p class=\"has-text-align-center has-large-font-size\">Fizikalna terapija<\/p>\n<\/div><\/div>\n\n\n\n<p>Fizikalnom terapijom pacijent \u201dsvojim o\u010dima \u201c vidi i uveri se u mogu\u0107a ostvarenja i pokrete koje mo\u017ee da izvede, a koje pre nije mogao ili je ote\u017eano izvodio. Bioenergetskom terapijom, a posebno psihoterapijom se ostvaruju klju\u010dni efekti u suzbijanju simptoma. Ipak, tek sa fizikalnom terapijom po\u010dinje potpuno da veruje u oporavak i daje mu motivaciju za posve\u0107ivanje \u010ditavom procesu.<\/p>\n\n\n\n<p>Fizikalna terapija ima za cilj da se ostvari iznova \u0161ema pokreta koja se potpuno izgubila tokom perioda kada smo imali te\u0161ko\u0107e ili nemogu\u0107nosti izvodjenja pokreta. Najbolji primer je vo\u017enja bicikla, za koju se ka\u017ee da kad jednom ovladamo nikad se ne zaboravlja. Kod neurolo\u0161kih pacijenata, posebno MS, upravo se suprotno de\u0161ava. Gotovo kod svih pacijenata kao prva posledica javlja se gubljenje mogu\u0107nosti vo\u017enje bicikla, odnosno balansa. Razlog za to je strah. Kada strah ovlada nama, mozak prelazi iz stanja \u201cfunkcionisanja\u201d u stanje \u201cpre\u017eivljavanja\u201d i bri\u0161e sve \u0161eme koje smo ranije izgradili, jer je pre\u017eivljavanje primarno, a sve ste\u010dene ve\u0161tine mu samo stvaraju opasnost. Zato je neophodno iznova u\u010diti ve\u0161tine pokreta, kao kod dece. To se posti\u017ee izvodjenjem najminimalnijih, usporenih pokreta udova koji su bili ugro\u017eeni. Na tim minimalnim pokretima se ostvaruje veza na\u0161eg voljnog izvodjenja pokreta, inervacijom do mi\u0161i\u0107a koji je zadu\u017een za funkcionisanje \u017eeljenog pokreta. Osve\u0161\u0107ivanje pokreta. Iako deluje kao te\u0161ko i delako, upravo je suprotno. Vrlo brzo se mozak prise\u0107a i prihvata ve\u0161tine kojima je ranije vladao, pa \u010dak i nove, jer ih povezuje sa sli\u010dnima. Uslov je samo strpljenje, upornost i \u017eelja, odnosno da pru\u017eamo sebi zaista ono \u0161to nam treba. Do toga se dolazi psihoterapijom.<\/p>\n\n\n\n<p>Kada se jednom uverimo da mo\u017eemo sami sebi najvi\u0161e da pomognemo, sti\u010demo samopouzdanje, a sa samopouzdanjem raste motivacija i odjednom postanemo svesni da smo ponovo preuzeli svoj \u017eivot u svoje ruke.<\/p>\n","protected":false},"excerpt":{"rendered":"<p>Fizikalnom terapijom pacijent \u201dsvojim o\u010dima \u201c vidi i uveri se u mogu\u0107a ostvarenja i pokrete koje mo\u017ee da izvede, a koje pre nije mogao ili je ote\u017eano izvodio. Bioenergetskom terapijom, a posebno psihoterapijom se ostvaruju klju\u010dni efekti u suzbijanju simptoma. Ipak, tek sa fizikalnom terapijom po\u010dinje potpuno da veruje u oporavak i daje mu motivaciju [&hellip;]<\/p>\n","protected":false},"author":1,"featured_media":0,"parent":0,"menu_order":0,"comment_status":"closed","ping_status":"closed","template":"","meta":{"footnotes":""},"class_list":["post-32","page","type-page","status-publish","hentry"],"_links":{"self":[{"href":"https:\/\/terapijazasve.com\/index.php\/wp-json\/wp\/v2\/pages\/32","targetHints":{"allow":["GET"]}}],"collection":[{"href":"https:\/\/terapijazasve.com\/index.php\/wp-json\/wp\/v2\/pages"}],"about":[{"href":"https:\/\/terapijazasve.com\/index.php\/wp-json\/wp\/v2\/types\/page"}],"author":[{"embeddable":true,"href":"https:\/\/terapijazasve.com\/index.php\/wp-json\/wp\/v2\/users\/1"}],"replies":[{"embeddable":true,"href":"https:\/\/terapijazasve.com\/index.php\/wp-json\/wp\/v2\/comments?post=32"}],"version-history":[{"count":3,"href":"https:\/\/terapijazasve.com\/index.php\/wp-json\/wp\/v2\/pages\/32\/revisions"}],"predecessor-version":[{"id":114,"href":"https:\/\/terapijazasve.com\/index.php\/wp-json\/wp\/v2\/pages\/32\/revisions\/114"}],"wp:attachment":[{"href":"https:\/\/terapijazasve.com\/index.php\/wp-json\/wp\/v2\/media?parent=32"}],"curies":[{"name":"wp","href":"https:\/\/api.w.org\/{rel}","templated":true}]}}