{"id":37,"date":"2024-12-23T12:07:48","date_gmt":"2024-12-23T12:07:48","guid":{"rendered":"https:\/\/terapijazasve.com\/?page_id=37"},"modified":"2024-12-24T16:16:11","modified_gmt":"2024-12-24T16:16:11","slug":"bioenergetska-terapija","status":"publish","type":"page","link":"https:\/\/terapijazasve.com\/index.php\/bioenergetska-terapija\/","title":{"rendered":""},"content":{"rendered":"\n<div class=\"wp-block-cover aligncenter\"><span aria-hidden=\"true\" class=\"wp-block-cover__background has-background-dim\"><\/span><img loading=\"lazy\" decoding=\"async\" width=\"1024\" height=\"1024\" class=\"wp-block-cover__image-background wp-image-88\" alt=\"\" src=\"https:\/\/terapijazasve.com\/wp-content\/uploads\/2024\/12\/woman-8439000_1280-1-1024x1024.png\" data-object-fit=\"cover\" srcset=\"https:\/\/terapijazasve.com\/wp-content\/uploads\/2024\/12\/woman-8439000_1280-1-1024x1024.png 1024w, https:\/\/terapijazasve.com\/wp-content\/uploads\/2024\/12\/woman-8439000_1280-1-300x300.png 300w, https:\/\/terapijazasve.com\/wp-content\/uploads\/2024\/12\/woman-8439000_1280-1-150x150.png 150w, https:\/\/terapijazasve.com\/wp-content\/uploads\/2024\/12\/woman-8439000_1280-1-768x768.png 768w, https:\/\/terapijazasve.com\/wp-content\/uploads\/2024\/12\/woman-8439000_1280-1.png 1280w\" sizes=\"auto, (max-width: 1024px) 100vw, 1024px\" \/><div class=\"wp-block-cover__inner-container is-layout-flow wp-block-cover-is-layout-flow\">\n<p class=\"has-text-align-center has-large-font-size\">Bioenergetska terapija<\/p>\n<\/div><\/div>\n\n\n\n<p>Bioenergetska terapija je prirodna, alternativna, neinvazivna, li\u010dna terapija kojom isceljujemo na\u0161e telo, um i du\u0161u. Zasniva se na \u010dinjenici da je svaki pojedinac okru\u017een energetskim poljem poznatim kao aura. Aura predstavlja na\u0161 energetski potencijal sa kojim u odre\u0111enom trenutku raspola\u017eemo.<\/p>\n\n\n\n<p><strong>Efekti terapije<\/strong><br>Individualne su reakcije kod pacijenata na terapiju. Zavisi od toga kako na\u0161e telo reaguje na uspostavljanje energetskog balansa i regeneracije tela. Najva\u017enije je da ne mo\u017ee imati nikakvih negativnih posledica ili pojava, pa \u010dak i kada su reakcije tela burne. Isceljenje ima takav u\u010dinak da naj\u010de\u0161\u0107e se ose\u0107amo relaksirano, smireno, a posebno ima efekat da nam je mnogo bolji san. Zato je terapija preporu\u010dljiva i osobama koje nemaju nekih posebnih problema ili simptoma, jer danas svi \u017eivimo u vremenu kada je stres postao na\u0161a svakodnevnica.<\/p>\n\n\n\n<p><strong>Na\u010din tretmana<\/strong><br>Tretman se odvija preko Skype-a ili Zoom-a, u vreme koje se dogovori sa terapeutom preko e-mail-a. Trajanje je uobi\u010dajeno oko 20 min, sem za neka specifi\u010dna stanja, kada mo\u017ee trajati do 45 min. Preporu\u010duje se 5 dana uzastopno za potpuni tretman kod specifi\u010dnih stanja, a kod ljudi koji \u017eele da se relaksiraju i jedna terapija mo\u017ee biti dovoljna. Nije potrebna nikakva priprema za terapiju i pacijenti su potpuno obu\u010deni tokom terapije. Mo\u017ee se odvijati u svim polo\u017eajima koji su najudobniji za pacijenta, samo je potrebno da se vide preko kamere. Starosna dob je neograni\u010dena za terapiju. Pla\u0107anje se vr\u0161i preko Paypal-a, za dogovoreni broj terapija<\/p>\n\n\n\n<p><strong>Terapija na daljinu<\/strong><br>Terapija na daljinu (odnosno preko Skype-a, Zoom-a ili sli\u010dno) ima isti efekat kao i terapija licem u lice. Pogotovo zbog pandemije ona je postala \u010dest na\u010din odvijanja. Rezultati su potpuno isti, \u010dak se kod klijenata sa te\u017eim stanjem pokazala uspe\u0161nijom jer mogu u komfornosti svog doma da dobiju potpuni tretman.<br>Iskoristite da na brz i lak na\u010din, omogu\u0107ite sebi oporavak i potpuno se otarasite ili barem smanjite simptome, a kod pacijenata bez simptoma u\u017eivajte u relaksaciji i odmoru za telo i du\u0161u.<\/p>\n\n\n\n<p><\/p>\n","protected":false},"excerpt":{"rendered":"<p>Bioenergetska terapija je prirodna, alternativna, neinvazivna, li\u010dna terapija kojom isceljujemo na\u0161e telo, um i du\u0161u. Zasniva se na \u010dinjenici da je svaki pojedinac okru\u017een energetskim poljem poznatim kao aura. Aura predstavlja na\u0161 energetski potencijal sa kojim u odre\u0111enom trenutku raspola\u017eemo. Efekti terapijeIndividualne su reakcije kod pacijenata na terapiju. Zavisi od toga kako na\u0161e telo reaguje [&hellip;]<\/p>\n","protected":false},"author":1,"featured_media":0,"parent":0,"menu_order":0,"comment_status":"closed","ping_status":"closed","template":"","meta":{"footnotes":""},"class_list":["post-37","page","type-page","status-publish","hentry"],"_links":{"self":[{"href":"https:\/\/terapijazasve.com\/index.php\/wp-json\/wp\/v2\/pages\/37","targetHints":{"allow":["GET"]}}],"collection":[{"href":"https:\/\/terapijazasve.com\/index.php\/wp-json\/wp\/v2\/pages"}],"about":[{"href":"https:\/\/terapijazasve.com\/index.php\/wp-json\/wp\/v2\/types\/page"}],"author":[{"embeddable":true,"href":"https:\/\/terapijazasve.com\/index.php\/wp-json\/wp\/v2\/users\/1"}],"replies":[{"embeddable":true,"href":"https:\/\/terapijazasve.com\/index.php\/wp-json\/wp\/v2\/comments?post=37"}],"version-history":[{"count":2,"href":"https:\/\/terapijazasve.com\/index.php\/wp-json\/wp\/v2\/pages\/37\/revisions"}],"predecessor-version":[{"id":90,"href":"https:\/\/terapijazasve.com\/index.php\/wp-json\/wp\/v2\/pages\/37\/revisions\/90"}],"wp:attachment":[{"href":"https:\/\/terapijazasve.com\/index.php\/wp-json\/wp\/v2\/media?parent=37"}],"curies":[{"name":"wp","href":"https:\/\/api.w.org\/{rel}","templated":true}]}}