{"id":8,"date":"2024-12-23T11:55:04","date_gmt":"2024-12-23T11:55:04","guid":{"rendered":"https:\/\/terapijazasve.com\/?page_id=8"},"modified":"2024-12-23T19:24:50","modified_gmt":"2024-12-23T19:24:50","slug":"terapeut","status":"publish","type":"page","link":"https:\/\/terapijazasve.com\/index.php\/terapeut\/","title":{"rendered":""},"content":{"rendered":"\n<figure class=\"wp-block-image aligncenter size-full\"><img loading=\"lazy\" decoding=\"async\" width=\"300\" height=\"300\" src=\"https:\/\/terapijazasve.com\/wp-content\/uploads\/2024\/12\/image-300x300-2.png\" alt=\"\" class=\"wp-image-53\" srcset=\"https:\/\/terapijazasve.com\/wp-content\/uploads\/2024\/12\/image-300x300-2.png 300w, https:\/\/terapijazasve.com\/wp-content\/uploads\/2024\/12\/image-300x300-2-150x150.png 150w\" sizes=\"auto, (max-width: 300px) 100vw, 300px\" \/><\/figure>\n\n\n\n<p class=\"has-text-align-left\">Pored formalnog ste\u010denog medicinskog znanja (diplomirani fizioterapeut, Evropski Univerzitet), moja supruga je bila najve\u0107i izvor saznanja, na \u010dijem osnovu je ova univerzalna terapija uspostavljena.<\/p>\n\n\n\n<p class=\"has-text-align-left\">Sve je po\u010delo kada joj je dijagnostifikovana multiple skleroza (nakon simptoma kao \u0161to su bili prolaps u\u0161nog nerva, pa onda senzacije u o\u010dima i trnjenje \u0161ake) nakon snimka na magnetnoj rezonanci. Tada sam kao neko ko je vodio gradjevinsku firmu (Pravni fakultet, Beogradski Univerzitet), suo\u010den sa ne\u010dim potpuno nepoznatim i stranim. Ne znanje \u010dini ljude o\u010dajnim. Na \u017ealost, ni kod stru\u010dnjaka za tu oblast (neurologa) nismo dobili ne\u0161to za \u0161ta bi smo se uhvatili. Na pitanja kako je nastalo? \u2013 ne zna se, kako se razvija? \u2013 ne zna se, kakva je prognoza? \u2013 dobro je da ostane ovako kako jeste tj . da se ne razvija, ima li leka? \u2013 nema. Nakon upotrebe raznih dostupnih neurolo\u0161kih terapija (imuno-globulini, kortikosteroidi, razne studije) nismo prihvatili hemio terapiju (sa jako slabim prognozama) njeno stanje se potpuno pogor\u0161alo i uru\u0161avalo. Okrenuli smo se alternativnoj medicini i upotrebljavali sve i sva\u0161ta, sa manje ili ne\u0161to uspeha, ali vremenom, napadi (rilapsi) su imali sve drasti\u010dniji uticaj na njeno stanje, do potpune nepokretnosti (\u010dak i sedenje je bio problem).<\/p>\n\n\n\n<p class=\"has-text-align-left\">Najve\u0107i pomak joj se dogodio kada je oti\u0161la kod poznatog bioenergeti\u010dara (Zdenko Doman\u010di\u0107, Kranjska gora) i posle terapije je stala na \u0161take, pa sam odlu\u010dio da odem i zavr\u0161im kurseve kod njega za primenu bioenergetske terapije. Svestan da smo prepu\u0161teni sami sebi, upisao sam medicinski fakultet kako bih stekao znanje o anatomiji i razumeo fiziologiju na\u0161eg tela i uma. Ipak, najzna\u010dajnije saznanje sam stekao \u017eive\u0107i 24\/7 pored nje. Sagledavaju\u0107i kako na nju uti\u010du psihi\u010dke distrakcije i uporedjuju\u0107i sa nama bliskim ljudima koji su imali istu dijagnozu, shvatio sam da klju\u010d za otklanjanje simptoma le\u017ei u promeni pona\u0161anja, pre svega opu\u0161tanju, u ispunjavanju individualnih potreba i osnovno, suzbijanju straha. Od literature ni\u0161ta nije bilo na tu temu, a na internetu tek po koji \u010dlanak, ali koji se bavio globalnim zdravljem pojedinca, bez konkretnih na\u010dina i metoda. Morao sam da metodom pogre\u0161aka i uspe\u0161nih primena, da pronalazim najbolji na\u010din koji je donosio rezultate. U veoma kratkom roku, potpuno su nestali napadi (rilapsi), a njeno fizi\u010dko stanje je bilo sve bolje i bolje.<\/p>\n\n\n\n<p class=\"has-text-align-left\">Od tada sam ovu univerzalnu terapiju po\u010deo da primenjujem na mnoge pacijente sa neurolo\u0161kim poreme\u0107ajima (MS, parkinson, polineuropatija), raznim autoimunim oboljenjima (lupus, psorijaza, reumatoidni artritis,itd.) psihi\u010dkim poreme\u0107ajima (depresija, opsesivno kompulzivni poreme\u0107aj), mo\u017edani udar i druge poreme\u0107aje, posledice i tegobe, kao i lajf kou\u010ding (life coaching).<\/p>\n\n\n\n<p class=\"has-text-align-left\">I pored toga \u0161to se ova terapija naziva Univerzalna terapija, ona je okrenuta ka individui, sagledavaju\u0107i njene li\u010dne potreba, sklonosti, pa je zadatak mene, kao terapeuta, da za svaku pojedina\u010dnu osobu na\u0111em metod koji \u0107e njoj li\u010dno dati najbr\u017ee rezultate.<\/p>\n","protected":false},"excerpt":{"rendered":"<p>Pored formalnog ste\u010denog medicinskog znanja (diplomirani fizioterapeut, Evropski Univerzitet), moja supruga je bila najve\u0107i izvor saznanja, na \u010dijem osnovu je ova univerzalna terapija uspostavljena. Sve je po\u010delo kada joj je dijagnostifikovana multiple skleroza (nakon simptoma kao \u0161to su bili prolaps u\u0161nog nerva, pa onda senzacije u o\u010dima i trnjenje \u0161ake) nakon snimka na magnetnoj rezonanci. [&hellip;]<\/p>\n","protected":false},"author":1,"featured_media":0,"parent":0,"menu_order":0,"comment_status":"closed","ping_status":"closed","template":"","meta":{"footnotes":""},"class_list":["post-8","page","type-page","status-publish","hentry"],"_links":{"self":[{"href":"https:\/\/terapijazasve.com\/index.php\/wp-json\/wp\/v2\/pages\/8","targetHints":{"allow":["GET"]}}],"collection":[{"href":"https:\/\/terapijazasve.com\/index.php\/wp-json\/wp\/v2\/pages"}],"about":[{"href":"https:\/\/terapijazasve.com\/index.php\/wp-json\/wp\/v2\/types\/page"}],"author":[{"embeddable":true,"href":"https:\/\/terapijazasve.com\/index.php\/wp-json\/wp\/v2\/users\/1"}],"replies":[{"embeddable":true,"href":"https:\/\/terapijazasve.com\/index.php\/wp-json\/wp\/v2\/comments?post=8"}],"version-history":[{"count":7,"href":"https:\/\/terapijazasve.com\/index.php\/wp-json\/wp\/v2\/pages\/8\/revisions"}],"predecessor-version":[{"id":82,"href":"https:\/\/terapijazasve.com\/index.php\/wp-json\/wp\/v2\/pages\/8\/revisions\/82"}],"wp:attachment":[{"href":"https:\/\/terapijazasve.com\/index.php\/wp-json\/wp\/v2\/media?parent=8"}],"curies":[{"name":"wp","href":"https:\/\/api.w.org\/{rel}","templated":true}]}}